{"id":2631,"date":"2024-11-04T16:30:34","date_gmt":"2024-11-04T15:30:34","guid":{"rendered":"https:\/\/www.investmentsgroup.net\/contatti\/"},"modified":"2025-03-10T08:12:11","modified_gmt":"2025-03-10T07:12:11","slug":"kontakt","status":"publish","type":"page","link":"https:\/\/www.investmentsgroup.net\/pl\/kontakt\/","title":{"rendered":"Kontakt"},"content":{"rendered":"<section class=\"l-section wpb_row height_large color_primary with_img parallax_ver\"><div class=\"l-section-img\" role=\"img\" aria-label=\"Obrazek\" data-img-width=\"1500\" data-img-height=\"836\" style=\"background-image: url(https:\/\/www.investmentsgroup.net\/wp-content\/uploads\/2024\/12\/chisiamocore-1.jpg);\"><\/div><div class=\"l-section-overlay\" style=\"background:rgba(204,51,51,0.85)\"><\/div><div class=\"l-section-h i-cf\"><div class=\"g-cols vc_row via_grid cols_1 laptops-cols_inherit tablets-cols_inherit mobiles-cols_1 valign_top type_default stacking_default\"><div class=\"wpb_column vc_column_container\"><div class=\"vc_column-inner\"><div class=\"wpb_text_column us_custom_6556fba6\"><div class=\"wpb_wrapper\"><h1>Kontakt<\/h1>\n<\/div><\/div><div class=\"w-separator size_huge\"><\/div><div class=\"g-cols wpb_row via_grid cols_3 laptops-cols_inherit tablets-cols_inherit mobiles-cols_1 valign_top type_default stacking_default\" style=\"--columns-gap:3rem;\"><div class=\"wpb_column vc_column_container\"><div class=\"vc_column-inner\"><div class=\"wpb_text_column\"><div class=\"wpb_wrapper\"><h3><strong>Biuro w Polsce<\/strong><\/h3>\n<p><strong>Core sp. z o.o<\/strong><br \/>\nul. Flory 9\/2<br \/>\n00-586 Warszawa &#8211; POLSKA<br \/>\n<a href=\"mailto:info@investmentsgroup.net\">info@investmentsgroup.net<\/a><br \/>\nTelefon: <a href=\"http:\/\/+48 22 5863300\">+48 22 5863300<\/a><\/p>\n<\/div><\/div><\/div><\/div><div class=\"wpb_column vc_column_container\"><div class=\"vc_column-inner\"><div class=\"wpb_text_column\"><div class=\"wpb_wrapper\"><h3><strong>Biuro we W\u0142oszech<\/strong><\/h3>\n<p><strong>International Investments Group Italia S.r.l.<\/strong><br \/>\nul. Andrea Solari 19<br \/>\n20144 Mediolan &#8211; W\u0141OCHY<\/p>\n<\/div><\/div><\/div><\/div><div class=\"wpb_column vc_column_container\"><div class=\"vc_column-inner\"><div class=\"wpb_text_column\"><div class=\"wpb_wrapper\"><h3>Social Media<\/h3>\n<\/div><\/div><div class=\"w-separator size_small\"><\/div><div class=\"w-html contsocial socicustom\"><div class=\"w-socials color_link shape_square style_default hover_none\">\n\t<div class=\"w-socials-list\">\n\t\t<div class=\"w-socials-item facebook\" style=\"text-align: center;\">\n\t\t\t<a aria-label=\"Facebook\" class=\"w-socials-item-link\" href=\"https:\/\/www.facebook.com\/CORE-Sp-z-oo-407777595920975\/?fref=ts\" target=\"_blank\" title=\"Facebook Company\">\n\t\t\t<span class=\"w-socials-item-link-hover\"><\/span>\n\t\t\t<i class=\"fab fa-facebook\"><\/i><\/a><span class=\"sott\">Company<\/span>\n\t\t\t<div class=\"w-socials-item-popup\">\n\t\t\t\t<span>Facebook Company<\/span><\/div>\n\t\t<\/div>\n\t\t<div class=\"w-socials-item facebook\" style=\"text-align: center;\">\n\t\t\t<a aria-label=\"Facebook\" class=\"w-socials-item-link\" href=\"https:\/\/www.facebook.com\/donato.digilio.3?fref=ts\" target=\"_blank\" title=\"Facebook Di Gilio\">\n\t\t\t<span class=\"w-socials-item-link-hover\"><\/span>\n\t\t\t<i class=\"fab fa-facebook\"><\/i><\/a><span class=\"sott\">Di Gilio<\/span>\n\t\t\t<div class=\"w-socials-item-popup\">\n\t\t\t\t<span>Facebook Di Gilio<\/span><\/div>\n\t\t<\/div>\n\t\t<div class=\"w-socials-item instagram\">\n\t\t\t<a aria-label=\"Instagram\" class=\"w-socials-item-link\" href=\"https:\/\/www.instagram.com\/corespzoo\/\" target=\"_blank\" title=\"Instagram\">\n\t\t\t<span class=\"w-socials-item-link-hover\"><\/span>\n\t\t\t<i class=\"fab fa-instagram\"><\/i><\/a>\n\t\t\t<div class=\"w-socials-item-popup\">\n\t\t\t\t<span>Instagram<\/span><\/div>\n\t\t<\/div>\n\n<\/div>\n<div class=\"w-socials-list  w-socials-listsecondrow\">\n\t\t<div class=\"w-socials-item twitter\">\n\t\t\t<a aria-label=\"Twitter\" class=\"w-socials-item-link\" href=\"https:\/\/twitter.com\/core_funds\" target=\"_blank\" title=\"Twitter\">\n\t\t\t<span class=\"w-socials-item-link-hover\"><\/span>\n\t\t\t<i class=\"fab fa-x-twitter\">\n\t\t\t<svg style=\"width: 1em; margin-bottom: -.1em;\" viewbox=\"0 0 512 512\" xmlns=\"http:\/\/www.w3.org\/2000\/svg\">\n\t\t\t<path fill=\"currentColor\" d=\"M389.2 48h70.6L305.6 224.2 487 464H345L233.7 318.6 106.5 464H35.8L200.7 275.5 26.8 48H172.4L272.9 180.9 389.2 48zM364.4 421.8h39.1L151.1 88h-42L364.4 421.8z\"><\/path>\n\t\t\t<\/svg><\/i><\/a><div class=\"w-socials-item-popup\">\n\t\t\t\t<span>Twitter<\/span><\/div>\n\t\t<\/div>\n\t\t<div class=\"w-socials-item linkedin\">\n\t\t\t<a aria-label=\"LinkedIn\" class=\"w-socials-item-link\" href=\"https:\/\/www.linkedin.com\/company\/core-sp-z-o-o\" target=\"_blank\" title=\"LinkedIn\">\n\t\t\t<span class=\"w-socials-item-link-hover\"><\/span>\n\t\t\t<i class=\"fab fa-linkedin\"><\/i><\/a>\n\t\t\t<div class=\"w-socials-item-popup\">\n\t\t\t\t<span>LinkedIn<\/span><\/div>\n\t\t<\/div>\n\t\t<div class=\"w-socials-item youtube\">\n\t\t\t<a aria-label=\"YouTube\" class=\"w-socials-item-link\" href=\"https:\/\/www.youtube.com\/channel\/UCU6FjcIHiOhkj3tqdGsD6IQ\" target=\"_blank\" title=\"YouTube\">\n\t\t\t<span class=\"w-socials-item-link-hover\"><\/span>\n\t\t\t<i class=\"fab fa-youtube\"><\/i><\/a>\n\t\t\t<div class=\"w-socials-item-popup\">\n\t\t\t\t<span>YouTube<\/span><\/div>\n\t\t<\/div>\n\t<\/div>\n<\/div>\n<\/div><\/div><\/div><\/div><div class=\"w-separator size_medium\"><\/div><\/div><\/div><\/div><\/div><\/section><section class=\"l-section wpb_row height_auto width_full\"><div class=\"l-section-h i-cf\"><div class=\"g-cols vc_row via_grid cols_1 laptops-cols_inherit tablets-cols_inherit mobiles-cols_1 valign_top type_default stacking_default\"><div class=\"wpb_column vc_column_container\"><div class=\"vc_column-inner\">[vc_raw_html]JTNDaWZyYW1lJTIwc3JjJTNEJTIyaHR0cHMlM0ElMkYlMkZ3d3cuZ29vZ2xlLmNvbSUyRm1hcHMlMkZlbWJlZCUzRnBiJTNEJTIxMW0xOCUyMTFtMTIlMjExbTMlMjExZDY1NzY0LjEwNzg0NzE3MjM0JTIxMmQyMC45NjgxOTIxMzQ2MTQ2NiUyMTNkNTIuMjM0Mzk4MTQ1MTE5MDMlMjEybTMlMjExZjAlMjEyZjAlMjEzZjAlMjEzbTIlMjExaTEwMjQlMjEyaTc2OCUyMTRmMTMuMSUyMTNtMyUyMTFtMiUyMTFzMHg0NzFlY2M4OWYwYWFiMjY5JTI1M0EweDZiNjg3OGIwMTljZmY3MGQlMjEyc0NvcmUlMjUyMFNwLiUyNTIweiUyNTIwby5vLiUyMTVlMCUyMTNtMiUyMTFzaXQlMjEyc2l0JTIxNHYxNzMxMzUyOTA1ODA3JTIxNW0yJTIxMXNpdCUyMTJzaXQlMjIlMjB3aWR0aCUzRCUyMjEwMCUyNSUyMiUyMGhlaWdodCUzRCUyMjQ1MCUyMiUyMHN0eWxlJTNEJTIyYm9yZGVyJTNBMCUzQiUyMiUyMGFsbG93ZnVsbHNjcmVlbiUzRCUyMiUyMiUyMGxvYWRpbmclM0QlMjJsYXp5JTIyJTIwcmVmZXJyZXJwb2xpY3klM0QlMjJuby1yZWZlcnJlci13aGVuLWRvd25ncmFkZSUyMiUzRSUzQyUyRmlmcmFtZSUzRQ==[\/vc_raw_html]<\/div><\/div><\/div><\/div><\/section><section class=\"l-section wpb_row height_large\" id=\"form\"><div class=\"l-section-h i-cf\"><div class=\"g-cols vc_row via_grid cols_2 laptops-cols_inherit tablets-cols_inherit mobiles-cols_1 valign_top type_default stacking_default\"><div class=\"wpb_column vc_column_container\"><div class=\"vc_column-inner\"><div class=\"wpb_text_column\"><div class=\"wpb_wrapper\"><h2 style=\"text-align: center;\">Skontaktuj si\u0119 z nami<\/h2>\n<p style=\"text-align: center;\">Wype\u0142nij formularz kontaktowy swoimi danymi,<br \/>\na nasz przedstawiciel skontaktuje si\u0119 z Tob\u0105 jak najszybciej.<\/p>\n<\/div><\/div><div class=\"w-separator size_medium\"><\/div>\n<div class=\"wpcf7 no-js\" id=\"wpcf7-f2665-o1\" lang=\"it-IT\" dir=\"ltr\" data-wpcf7-id=\"2665\">\n<div class=\"screen-reader-response\"><p role=\"status\" aria-live=\"polite\" aria-atomic=\"true\"><\/p> <ul><\/ul><\/div>\n<form action=\"\/pl\/wp-json\/wp\/v2\/pages\/2631#wpcf7-f2665-o1\" method=\"post\" class=\"wpcf7-form init\" aria-label=\"Modulo di contatto\" novalidate=\"novalidate\" data-status=\"init\">\n<fieldset class=\"hidden-fields-container\"><input type=\"hidden\" name=\"_wpcf7\" value=\"2665\" \/><input type=\"hidden\" name=\"_wpcf7_version\" value=\"6.1.5\" \/><input type=\"hidden\" name=\"_wpcf7_locale\" value=\"it_IT\" \/><input type=\"hidden\" name=\"_wpcf7_unit_tag\" value=\"wpcf7-f2665-o1\" \/><input type=\"hidden\" name=\"_wpcf7_container_post\" value=\"0\" \/><input type=\"hidden\" name=\"_wpcf7_posted_data_hash\" value=\"\" \/><input type=\"hidden\" name=\"_wpcf7_recaptcha_response\" value=\"\" \/>\n<\/fieldset>\n<div class=\"w-form layout_ver for_cform\">\n\t<div class=\"w-form-h\">\n\t\t<div class=\"w-form-row for_text has_label move_label required with_icon\">\n\t\t\t<div class=\"w-form-row-label\">\n\t\t\t\t<p><span>Imi\u0119 i nazwisko<span class=\"aster\">*<\/span><\/span>\n\t\t\t\t<\/p>\n\t\t\t<\/div>\n\t\t\t<div class=\"w-form-row-field\">\n\t\t\t\t<p><span class=\"wpcf7-form-control-wrap\" data-name=\"your-name\"><input size=\"40\" maxlength=\"400\" class=\"wpcf7-form-control wpcf7-text wpcf7-validates-as-required\" aria-required=\"true\" aria-invalid=\"false\" value=\"\" type=\"text\" name=\"your-name\" \/><\/span>\n\t\t\t\t<\/p>\n\t\t\t<\/div>\n\t\t\t<div class=\"w-form-row-state\">\n\t\t\t\t<p>Wype\u0142nij to pole\n\t\t\t\t<\/p>\n\t\t\t<\/div>\n\t\t<\/div>\n\t\t<div class=\"w-form-row for_text has_label move_label required with_icon\">\n\t\t\t<div class=\"w-form-row-label\">\n\t\t\t\t<p><span>Firma<span class=\"aster\">*<\/span><\/span>\n\t\t\t\t<\/p>\n\t\t\t<\/div>\n\t\t\t<div class=\"w-form-row-field\">\n\t\t\t\t<p><span class=\"wpcf7-form-control-wrap\" data-name=\"your-societa\"><input size=\"40\" maxlength=\"400\" class=\"wpcf7-form-control wpcf7-text wpcf7-validates-as-required\" aria-required=\"true\" aria-invalid=\"false\" value=\"\" type=\"text\" name=\"your-societa\" \/><\/span>\n\t\t\t\t<\/p>\n\t\t\t<\/div>\n\t\t\t<div class=\"w-form-row-state\">\n\t\t\t\t<p>Wype\u0142nij to pole\n\t\t\t\t<\/p>\n\t\t\t<\/div>\n\t\t<\/div>\n\t\t<div class=\"w-form-row for_text has_label move_label required with_icon\">\n\t\t\t<div class=\"w-form-row-label\">\n\t\t\t\t<p><span>E-Mail<span class=\"aster\">*<\/span><\/span>\n\t\t\t\t<\/p>\n\t\t\t<\/div>\n\t\t\t<div class=\"w-form-row-field\">\n\t\t\t\t<p><span class=\"wpcf7-form-control-wrap\" data-name=\"your-email\"><input size=\"40\" maxlength=\"400\" class=\"wpcf7-form-control wpcf7-email wpcf7-validates-as-required wpcf7-text wpcf7-validates-as-email\" aria-required=\"true\" aria-invalid=\"false\" value=\"\" type=\"email\" name=\"your-email\" \/><\/span>\n\t\t\t\t<\/p>\n\t\t\t<\/div>\n\t\t\t<div class=\"w-form-row-state\">\n\t\t\t\t<p>Wype\u0142nij to pole\n\t\t\t\t<\/p>\n\t\t\t<\/div>\n\t\t<\/div>\n\t\t<div class=\"w-form-row for_text has_label move_label required with_icon\">\n\t\t\t<div class=\"w-form-row-label\">\n\t\t\t\t<p><span>Numer telefonu\/kom\u00f3rkowy (W\u0142ochy: +39 - Polska: +48)<span class=\"aster\">*<\/span><\/span>\n\t\t\t\t<\/p>\n\t\t\t<\/div>\n\t\t\t<div class=\"w-form-row-field\">\n\t\t\t\t<p><span class=\"wpcf7-form-control-wrap\" data-name=\"your-telefono\"><input size=\"40\" maxlength=\"400\" class=\"wpcf7-form-control wpcf7-tel wpcf7-validates-as-required wpcf7-text wpcf7-validates-as-tel\" aria-required=\"true\" aria-invalid=\"false\" value=\"\" type=\"tel\" name=\"your-telefono\" \/><\/span>\n\t\t\t\t<\/p>\n\t\t\t<\/div>\n\t\t\t<div class=\"w-form-row-state\">\n\t\t\t\t<p>Wype\u0142nij to pole\n\t\t\t\t<\/p>\n\t\t\t<\/div>\n\t\t<\/div>\n\t\t<div class=\"w-form-row for_text has_label move_label required with_icon\">\n\t\t\t<div class=\"w-form-row-label\">\n\t\t\t\t<p><span>Adres<\/span>\n\t\t\t\t<\/p>\n\t\t\t<\/div>\n\t\t\t<div class=\"w-form-row-field\">\n\t\t\t\t<p><span class=\"wpcf7-form-control-wrap\" data-name=\"your-indirizzo\"><input size=\"40\" maxlength=\"400\" class=\"wpcf7-form-control wpcf7-text\" aria-invalid=\"false\" value=\"\" type=\"text\" name=\"your-indirizzo\" \/><\/span>\n\t\t\t\t<\/p>\n\t\t\t<\/div>\n\t\t\t<div class=\"w-form-row-state\">\n\t\t\t\t<p>Wype\u0142nij to pole\n\t\t\t\t<\/p>\n\t\t\t<\/div>\n\t\t<\/div>\n\t\t<div class=\"w-form-row for_textarea has_label move_label required with_icon\">\n\t\t\t<div class=\"w-form-row-label\">\n\t\t\t\t<p><span>Twoje zapytanie<span class=\"aster\">*<\/span><\/span>\n\t\t\t\t<\/p>\n\t\t\t<\/div>\n\t\t\t<div class=\"w-form-row-field\">\n\t\t\t\t<p><span class=\"wpcf7-form-control-wrap\" data-name=\"your-richiesta\"><textarea cols=\"40\" rows=\"10\" maxlength=\"2000\" class=\"wpcf7-form-control wpcf7-textarea wpcf7-validates-as-required\" aria-required=\"true\" aria-invalid=\"false\" name=\"your-richiesta\"><\/textarea><\/span>\n\t\t\t\t<\/p>\n\t\t\t<\/div>\n\t\t\t<div class=\"w-form-row-state\">\n\t\t\t\t<p>Wype\u0142nij to pole\n\t\t\t\t<\/p>\n\t\t\t<\/div>\n\t\t<\/div>\n\t\t<div class=\"w-form-row for_text has_label move_label required with_icon\">\n\t\t\t<p><span class=\"wpcf7-form-control-wrap\" data-name=\"accept-this-1\"><span class=\"wpcf7-form-control wpcf7-acceptance\"><span class=\"wpcf7-list-item\"><label><input type=\"checkbox\" name=\"accept-this-1\" value=\"1\" aria-invalid=\"false\" \/><span class=\"wpcf7-list-item-label\">Zaakceptuj nasz\u0105 polityk\u0119 <a href=\"https:\/\/www.investmentsgroup.net\/privacy-policy\/\">prywatno\u015bci<\/a>.<\/span><\/label><\/span><\/span><\/span>\n\t\t\t<\/p>\n\t\t\t<div class=\"privform\">\n\t\t\t\t<p>Wyra\u017cam zgod\u0119 na przetwarzanie moich danych osobowych w celach marketingowych przez Core Sp. z o.o., ul. Flory 9\/2, 00-586 Warszawa, zgodnie z Rozporz\u0105dzeniem Parlamentu Europejskiego i Rady (UE) 2016\/679 z dnia 27 kwietnia 2016 r. oraz Ustaw\u0105 o Telekomunikacji z dnia 16 lipca 2004 r. Zgoda jest dobrowolna. Mam prawo do wycofania zgody w dowolnym momencie. Przys\u0142uguje mi prawo dost\u0119pu do danych, ich sprostowania, usuni\u0119cia lub ograniczenia przetwarzania, prawo do wniesienia sprzeciwu, prawo do z\u0142o\u017cenia skargi do organu nadzorczego lub prawo do przenoszenia danych.<br \/>\nAdministratorem danych jest Core sp. z o.o., z siedzib\u0105 w Warszawie, ul. Flory 9\/2, 00-586.\n\t\t\t\t<\/p>\n\t\t\t<\/div>\n\t\t<\/div>\n\t\t<p><span class=\"linkprivfootrecapthc\">Ta witryna jest chroniona przez reCAPTCHA. Obowi\u0105zuje <a href=\"https:\/\/policies.google.com\/privacy\">Polityka prywatno\u015bci<\/a> i <a href=\"https:\/\/policies.google.com\/terms\">Warunki korzystania z us\u0142ugi<\/a> Google.<\/span>\n\t\t<\/p>\n\t\t<p>* pola wymagane\n\t\t<\/p>\n\t\t<div class=\"w-form-row for_submit align_left\" style=\"margin-top:15px;\">\n\t\t\t<div class=\"w-form-row-field\">\n\t\t\t\t<p><input class=\"wpcf7-form-control wpcf7-submit has-spinner w-btn us-btn-style_7\" type=\"submit\" value=\"Wy\u015blij\" \/>\n\t\t\t\t<\/p>\n\t\t\t<\/div>\n\t\t<\/div>\n\t<\/div>\n<\/div><div class=\"wpcf7-response-output\" aria-hidden=\"true\"><\/div>\n<\/form>\n<\/div>\n<\/div><\/div><div class=\"wpb_column vc_column_container us_custom_5cd26a65\"><div class=\"vc_column-inner\"><div class=\"w-hwrapper valign_middle wrap align_left\" style=\"--hwrapper-gap:1.1rem\"><div class=\"w-btn-wrapper align_none\"><a class=\"w-btn us-btn-style_2 icon_atleft\" href=\"tel:+48225863300\"><i class=\"far fa-phone\"><\/i><span class=\"w-btn-label\">Zadzwo\u0144 +48 22 58 63 300<\/span><\/a><\/div><div class=\"w-btn-wrapper align_none\"><a class=\"w-btn us-btn-style_2 icon_atleft\" href=\"https:\/\/api.whatsapp.com\/send?phone=+48608000510&amp;text=Sono interessato ad avere informazioni\"><i class=\"fab fa-whatsapp\"><\/i><span class=\"w-btn-label\">WhatsApp<\/span><\/a><\/div><\/div><div class=\"w-message us_custom_cf46eb57 my-mezzora color_red with_icon\" id=\"mezzorastick\"><div class=\"w-message-icon\"><i class=\"fas fa-assistive-listening-systems\"><\/i><\/div><div class=\"w-message-body\"><p>Czy jeste\u015b zainteresowany inwestowaniem w Polsce lub Europie Wschodniej? Bez zobowi\u0105za\u0144 \u2013 p\u00f3\u0142godzinne spotkanie online, aby si\u0119 zapozna\u0107.<\/p>\n<\/div><\/div>\n<\/div><\/div><\/div><\/div><\/section><section class=\"l-section wpb_row height_large\"><div class=\"l-section-h i-cf\"><div class=\"g-cols vc_row via_grid cols_1 laptops-cols_inherit tablets-cols_inherit mobiles-cols_1 valign_top type_default stacking_default\"><div class=\"wpb_column vc_column_container\"><div class=\"vc_column-inner\"><\/div><\/div><\/div><\/div><\/section>\n","protected":false},"excerpt":{"rendered":"Kontakt Biuro w Polsce Core sp. z o.o ul. Flory 9\/2 00-586 Warszawa &#8211; POLSKA info@investmentsgroup.net Telefon: +48 22 5863300 Biuro we W\u0142oszech International Investments Group Italia S.r.l. ul. Andrea Solari 19 20144 Mediolan &#8211; W\u0141OCHY Social Media Company Facebook Company Di Gilio Facebook Di Gilio Instagram Twitter LinkedIn YouTube [vc_raw_html]JTNDaWZyYW1lJTIwc3JjJTNEJTIyaHR0cHMlM0ElMkYlMkZ3d3cuZ29vZ2xlLmNvbSUyRm1hcHMlMkZlbWJlZCUzRnBiJTNEJTIxMW0xOCUyMTFtMTIlMjExbTMlMjExZDY1NzY0LjEwNzg0NzE3MjM0JTIxMmQyMC45NjgxOTIxMzQ2MTQ2NiUyMTNkNTIuMjM0Mzk4MTQ1MTE5MDMlMjEybTMlMjExZjAlMjEyZjAlMjEzZjAlMjEzbTIlMjExaTEwMjQlMjEyaTc2OCUyMTRmMTMuMSUyMTNtMyUyMTFtMiUyMTFzMHg0NzFlY2M4OWYwYWFiMjY5JTI1M0EweDZiNjg3OGIwMTljZmY3MGQlMjEyc0NvcmUlMjUyMFNwLiUyNTIweiUyNTIwby5vLiUyMTVlMCUyMTNtMiUyMTFzaXQlMjEyc2l0JTIxNHYxNzMxMzUyOTA1ODA3JTIxNW0yJTIxMXNpdCUyMTJzaXQlMjIlMjB3aWR0aCUzRCUyMjEwMCUyNSUyMiUyMGhlaWdodCUzRCUyMjQ1MCUyMiUyMHN0eWxlJTNEJTIyYm9yZGVyJTNBMCUzQiUyMiUyMGFsbG93ZnVsbHNjcmVlbiUzRCUyMiUyMiUyMGxvYWRpbmclM0QlMjJsYXp5JTIyJTIwcmVmZXJyZXJwb2xpY3klM0QlMjJuby1yZWZlcnJlci13aGVuLWRvd25ncmFkZSUyMiUzRSUzQyUyRmlmcmFtZSUzRQ==[\/vc_raw_html]Skontaktuj si\u0119 z nami Wype\u0142nij...","protected":false},"author":1,"featured_media":0,"parent":0,"menu_order":0,"comment_status":"closed","ping_status":"closed","template":"","meta":{"footnotes":""},"class_list":["post-2631","page","type-page","status-publish","hentry"],"_links":{"self":[{"href":"https:\/\/www.investmentsgroup.net\/pl\/wp-json\/wp\/v2\/pages\/2631","targetHints":{"allow":["GET"]}}],"collection":[{"href":"https:\/\/www.investmentsgroup.net\/pl\/wp-json\/wp\/v2\/pages"}],"about":[{"href":"https:\/\/www.investmentsgroup.net\/pl\/wp-json\/wp\/v2\/types\/page"}],"author":[{"embeddable":true,"href":"https:\/\/www.investmentsgroup.net\/pl\/wp-json\/wp\/v2\/users\/1"}],"replies":[{"embeddable":true,"href":"https:\/\/www.investmentsgroup.net\/pl\/wp-json\/wp\/v2\/comments?post=2631"}],"version-history":[{"count":6,"href":"https:\/\/www.investmentsgroup.net\/pl\/wp-json\/wp\/v2\/pages\/2631\/revisions"}],"predecessor-version":[{"id":2845,"href":"https:\/\/www.investmentsgroup.net\/pl\/wp-json\/wp\/v2\/pages\/2631\/revisions\/2845"}],"wp:attachment":[{"href":"https:\/\/www.investmentsgroup.net\/pl\/wp-json\/wp\/v2\/media?parent=2631"}],"curies":[{"name":"wp","href":"https:\/\/api.w.org\/{rel}","templated":true}]}}