{"id":2634,"date":"2024-11-04T16:30:45","date_gmt":"2024-11-04T15:30:45","guid":{"rendered":"https:\/\/www.investmentsgroup.net\/servizi\/"},"modified":"2025-10-21T11:08:11","modified_gmt":"2025-10-21T09:08:11","slug":"uslugi","status":"publish","type":"page","link":"https:\/\/www.investmentsgroup.net\/pl\/uslugi\/","title":{"rendered":"Us\u0142ugi"},"content":{"rendered":"<section class=\"l-section wpb_row us_custom_6a92e6c8 height_large\"><div class=\"l-section-h i-cf\"><div class=\"g-cols vc_row via_grid cols_1 laptops-cols_inherit tablets-cols_inherit mobiles-cols_1 valign_top type_default stacking_default\"><div class=\"wpb_column vc_column_container\"><div class=\"vc_column-inner\"><\/div><\/div><\/div><\/div><\/section><section class=\"l-section wpb_row height_auto width_full\"><div class=\"l-section-overlay\" style=\"background:#f3f3f3\"><\/div><div class=\"l-section-h i-cf\"><div class=\"g-cols vc_row via_grid cols_1 laptops-cols_inherit tablets-cols_inherit mobiles-cols_1 valign_top type_default stacking_default\"><div class=\"wpb_column vc_column_container\"><div class=\"vc_column-inner\"><div class=\"w-grid us_carousel us_custom_e00db504 type_carousel layout_1553 preload_style_spinner items_3\" id=\"us_grid_1\" style=\"--items:3;--gap:1rem;\"><style>.layout_1553 .w-grid-item-h{}.layout_1553 .usg_post_title_1{font-size:1rem!important;line-height:1.3rem!important;text-transform:none!important}.layout_1553 .usg_post_date_1{color:var(--color-content-faded)!important;font-size:0.8rem!important}.layout_1553 .usg_post_content_1{font-size:14px!important;line-height:19px!important;margin-top:5px!important}<\/style><div class=\"w-grid-list owl-carousel valign_stretch dotstyle_circle navstyle_circle arrows-ver-pos_middle arrows-hor-pos_on_sides_outside arrows-disabled_hide owl-responsive-2000\" style=\"--transition-duration:500ms;\">\t<article class=\"w-grid-item post-3436 post type-post status-publish format-standard hentry category-bez-kategorii\" data-id=\"3436\">\r\n\t\t<div class=\"w-grid-item-h\">\r\n\t\t\t\t\t\t<h2 class=\"w-post-elm post_title usg_post_title_1 entry-title color_link_inherit\"><a href=\"https:\/\/www.investmentsgroup.net\/pl\/ksef-2026-praktyczne-skutki-dla-duzych-i-srednich-spolek-procesy-technologia-organizacja\/\">KSeF 2026 \u2013 praktyczne skutki dla du\u017cych i \u015brednich sp\u00f3\u0142ek: procesy, technologia, organizacja<\/a><\/h2><div class=\"w-post-elm post_content usg_post_content_1\">KSeF to nie tylko nowy spos\u00f3b wysy\u0142ania faktur, ale zmiana, kt\u00f3ra uderza jednocze\u015bnie w finanse, IT i obszar prawno-compliance. PwC&hellip;<\/div><time class=\"w-post-elm post_date usg_post_date_1 has_text_color entry-date published\" datetime=\"2026-04-02T14:23:36+02:00\" title=\"2 kwietnia 2026 o 14:23:36 Europe\/Rome\">2 kwi o 14:23<\/time>\t\t<\/div>\r\n\t\t\t<\/article>\r\n\t<article class=\"w-grid-item post-3433 post type-post status-publish format-standard hentry category-bez-kategorii\" data-id=\"3433\">\r\n\t\t<div class=\"w-grid-item-h\">\r\n\t\t\t\t\t\t<h2 class=\"w-post-elm post_title usg_post_title_1 entry-title color_link_inherit\"><a href=\"https:\/\/www.investmentsgroup.net\/pl\/sejm-uchwalil-nowelizacje-ustawy-o-ksc-nis2-obowiazki-dla-firm-i-odpowiedzialnosc-zarzadu\/\">Sejm uchwali\u0142 nowelizacj\u0119 ustawy o KSC (NIS2) \u2013 obowi\u0105zki dla firm i odpowiedzialno\u015b\u0107 zarz\u0105du<\/a><\/h2><div class=\"w-post-elm post_content usg_post_content_1\">Sejm uchwali\u0142 nowelizacj\u0119 ustawy o Krajowym Systemie Cyberbezpiecze\u0144stwa wdra\u017caj\u0105c\u0105 dyrektyw\u0119 NIS2. Zmiany rozszerzaj\u0105 zakres sektor\u00f3w i wprowadzaj\u0105 konkretne obowi\u0105zki bezpiecze\u0144stwa&hellip;<\/div><time class=\"w-post-elm post_date usg_post_date_1 has_text_color entry-date published\" datetime=\"2026-03-24T11:55:18+01:00\" title=\"24 marca 2026 o 11:55:18 Europe\/Rome\">24 mar o 11:55<\/time>\t\t<\/div>\r\n\t\t\t<\/article>\r\n\t<article class=\"w-grid-item post-3419 post type-post status-publish format-standard hentry category-bez-kategorii\" data-id=\"3419\">\r\n\t\t<div class=\"w-grid-item-h\">\r\n\t\t\t\t\t\t<h2 class=\"w-post-elm post_title usg_post_title_1 entry-title color_link_inherit\"><a href=\"https:\/\/www.investmentsgroup.net\/pl\/masz-spolke-w-krs-e-doreczenia-staja-sie-obowiazkowe-co-trzeba-miec-poukladane\/\">Masz sp\u00f3\u0142k\u0119 w KRS? e-Dor\u0119czenia staj\u0105 si\u0119 obowi\u0105zkowe \u2013 co trzeba mie\u0107 pouk\u0142adane<\/a><\/h2><div class=\"w-post-elm post_content usg_post_content_1\">Od 1 kwietnia 2025 r. przedsi\u0119biorstwa wpisane do rejestru przedsi\u0119biorc\u00f3w KRS s\u0105 zobowi\u0105zane do posiadania adresu do e-Dor\u0119cze\u0144. To formalny&hellip;<\/div><time class=\"w-post-elm post_date usg_post_date_1 has_text_color entry-date published\" datetime=\"2026-03-13T14:01:40+01:00\" title=\"13 marca 2026 o 14:01:40 Europe\/Rome\">13 mar o 14:01<\/time>\t\t<\/div>\r\n\t\t\t<\/article>\r\n\t<article class=\"w-grid-item post-3328 post type-post status-publish format-standard hentry category-bez-kategorii\" data-id=\"3328\">\r\n\t\t<div class=\"w-grid-item-h\">\r\n\t\t\t\t\t\t<h2 class=\"w-post-elm post_title usg_post_title_1 entry-title color_link_inherit\"><a href=\"https:\/\/www.investmentsgroup.net\/pl\/strategic-management-partners-nabywa-60-udzialow-w-core-sp-z-o-o\/\">Strategic Management Partners nabywa 60% udzia\u0142\u00f3w w Core        Sp. z o.o.<\/a><\/h2><div class=\"w-post-elm post_content usg_post_content_1\">Strategic Management Partners (www.strategicmp.it), w\u0142oska grupa doradztwa zarz\u0105dczego z siedzib\u0105 w Mediolanie i 8 biurami operacyjnymi we W\u0142oszech i za&hellip;<\/div><time class=\"w-post-elm post_date usg_post_date_1 has_text_color entry-date published\" datetime=\"2026-02-13T15:01:24+01:00\" title=\"13 lutego 2026 o 15:01:24 Europe\/Rome\">13 lut o 15:01<\/time>\t\t<\/div>\r\n\t\t\t<\/article>\r\n\t<article class=\"w-grid-item post-3306 post type-post status-publish format-standard hentry category-bez-kategorii\" data-id=\"3306\">\r\n\t\t<div class=\"w-grid-item-h\">\r\n\t\t\t\t\t\t<h2 class=\"w-post-elm post_title usg_post_title_1 entry-title color_link_inherit\"><a href=\"https:\/\/www.investmentsgroup.net\/pl\/dotacja-50-mln-pln-dla-firm-prowadzonych-przez-kobiety-wzornictwo-w-msp\/\">Dotacja 50 mln PLN dla firm prowadzonych przez kobiety \u2013 Wzornictwo w M\u015aP<\/a><\/h2><div class=\"w-post-elm post_content usg_post_content_1\">Czy Twoja firma potrzebuje nowego impulsu rozwojowego? Program \u201eWzornictwo w M\u015aP\u201d w ramach Funduszy Europejskich dla Polski Wschodniej (FEPW.01.04) to&hellip;<\/div><time class=\"w-post-elm post_date usg_post_date_1 has_text_color entry-date published\" datetime=\"2026-01-20T16:21:23+01:00\" title=\"20 stycznia 2026 o 16:21:23 Europe\/Rome\">20 sty o 16:21<\/time>\t\t<\/div>\r\n\t\t\t<\/article>\r\n\t<article class=\"w-grid-item post-3289 post type-post status-publish format-standard hentry category-bez-kategorii\" data-id=\"3289\">\r\n\t\t<div class=\"w-grid-item-h\">\r\n\t\t\t\t\t\t<h2 class=\"w-post-elm post_title usg_post_title_1 entry-title color_link_inherit\"><a href=\"https:\/\/www.investmentsgroup.net\/pl\/zmiany-w-realizacji-programow-funduszy-ue-w-polsce-w-2026-roku\/\">Zmiany w realizacji program\u00f3w funduszy UE w Polsce w 2026 roku<\/a><\/h2><div class=\"w-post-elm post_content usg_post_content_1\">Koniec 2025 roku przyni\u00f3s\u0142 wiele zmian w programach operacyjnych, na podstawie kt\u00f3rych beneficjenci mog\u0105 korzysta\u0107 z Funduszy Unijnych. Cykl zmian&hellip;<\/div><time class=\"w-post-elm post_date usg_post_date_1 has_text_color entry-date published\" datetime=\"2026-01-13T14:34:01+01:00\" title=\"13 stycznia 2026 o 14:34:01 Europe\/Rome\">13 sty o 14:34<\/time>\t\t<\/div>\r\n\t\t\t<\/article>\r\n<\/div><div class=\"w-grid-carousel-json hidden\" onclick='return {&quot;carousel_settings&quot;:{&quot;aria_labels&quot;:{&quot;prev&quot;:&quot;Poprzedni&quot;,&quot;next&quot;:&quot;Nast\\u0119pny&quot;},&quot;autoplayContinual&quot;:true,&quot;autoplayHoverPause&quot;:false,&quot;autoplayTimeout&quot;:10000,&quot;autoWidth&quot;:false,&quot;smartSpeed&quot;:500,&quot;margin&quot;:0,&quot;mouseDrag&quot;:true,&quot;rtl&quot;:false,&quot;slideBy&quot;:&quot;1&quot;,&quot;touchDrag&quot;:true,&quot;slideTransition&quot;:&quot;&quot;,&quot;responsive&quot;:{&quot;0&quot;:{&quot;autoHeight&quot;:false,&quot;autoplay&quot;:true,&quot;autoWidth&quot;:false,&quot;center&quot;:false,&quot;dots&quot;:false,&quot;items&quot;:1,&quot;loop&quot;:true,&quot;nav&quot;:false,&quot;stagePadding&quot;:0,&quot;slideBy&quot;:&quot;1&quot;},&quot;601&quot;:{&quot;autoHeight&quot;:false,&quot;autoplay&quot;:true,&quot;autoWidth&quot;:false,&quot;center&quot;:false,&quot;dots&quot;:false,&quot;items&quot;:2,&quot;loop&quot;:true,&quot;nav&quot;:false,&quot;stagePadding&quot;:0,&quot;slideBy&quot;:&quot;1&quot;},&quot;1025&quot;:{&quot;autoHeight&quot;:false,&quot;autoplay&quot;:true,&quot;autoWidth&quot;:false,&quot;center&quot;:false,&quot;dots&quot;:false,&quot;items&quot;:3,&quot;loop&quot;:true,&quot;nav&quot;:false,&quot;stagePadding&quot;:0,&quot;slideBy&quot;:&quot;1&quot;},&quot;1381&quot;:{&quot;items&quot;:3,&quot;autoplay&quot;:true,&quot;center&quot;:false,&quot;dots&quot;:false,&quot;nav&quot;:false,&quot;autoHeight&quot;:false,&quot;autoWidth&quot;:false,&quot;loop&quot;:true,&quot;stagePadding&quot;:0}}}}'><\/div><\/div><\/div><\/div><\/div><\/div><\/section><style data-type=\"us_custom-css\">.linkbanner{text-decoration:underline}.linkbanner:hover{text-decoration:none}<\/style><section class=\"l-section wpb_row height_medium color_alternate\"><div class=\"l-section-overlay\" style=\"background:#cc3333\"><\/div><div class=\"l-section-h i-cf\"><div class=\"g-cols vc_row via_grid cols_1-4 laptops-cols_inherit tablets-cols_inherit mobiles-cols_1 valign_top type_default stacking_default\"><div class=\"wpb_column vc_column_container\"><div class=\"vc_column-inner\"><div class=\"w-image us_custom_558ec5ca align_none\"><div class=\"w-image-h\"><img decoding=\"async\" width=\"221\" height=\"261\" src=\"https:\/\/www.investmentsgroup.net\/wp-content\/uploads\/2025\/10\/iconaNIS2.png\" class=\"attachment-full size-full\" alt=\"\" loading=\"lazy\" \/><\/div><\/div><\/div><\/div><div class=\"wpb_column vc_column_container us_custom_6df4bc3a has_text_color\"><div class=\"vc_column-inner\"><div class=\"wpb_text_column us_custom_8cb55600\"><div class=\"wpb_wrapper\"><p><span>Zapewniamy <strong>cyfrow\u0105 transformacj\u0119 przedsi\u0119biorstw<\/strong> dzi\u0119ki rozwi\u0105zaniom <strong>zakresu cyberbezpiecze\u0144stwa<\/strong> zgodnym z dyrektyw\u0105 <strong>NIS2<\/strong>.<\/span><\/p>\n<\/div><\/div><div class=\"w-separator size_small\"><\/div><div class=\"wpb_text_column\"><div class=\"wpb_wrapper\"><p><span>Cyberbezpiecze\u0144stwo i innowacje na rzecz cyfrowej transformacji: rozwi\u0105zania zgodne z dyrektyw\u0105 NIS2, kt\u00f3re chroni\u0105 dane, systemy i reputacj\u0119.<\/span><\/p>\n<\/div><\/div><div class=\"w-separator size_small\"><\/div><div class=\"wpb_text_column linkbanner\"><div class=\"wpb_wrapper\"><p><a href=\"https:\/\/www.investmentsgroup.net\/pl\/kontakt\/\"><span>Jeste\u015bmy do Pa\u0144stwa dyspozycji, aby przedstawi\u0107 Pa\u0144stwu nasze us\u0142ugi w zakresie cyberbezpiecze\u0144stwa i cyfryzacji.<\/span><\/a><\/p>\n<\/div><\/div><\/div><\/div><\/div><\/div><\/section>\n<section class=\"l-section wpb_row height_large\"><div class=\"l-section-h i-cf\"><div class=\"g-cols vc_row via_grid cols_1-2 laptops-cols_inherit tablets-cols_1 mobiles-cols_1 valign_top type_default stacking_default\" style=\"--columns-gap:4vw;\"><div class=\"wpb_column vc_column_container\"><div class=\"vc_column-inner\"><h4 class=\"w-text us_custom_79d8bf8e servbl has_text_color\"><span class=\"w-text-h\"><span class=\"w-text-value\"><span>Us\u0142ugi: <\/span>DORADZTWA ZARZ\u0104DCZEGO<\/span><\/span><\/h4><\/div><\/div><div class=\"wpb_column vc_column_container\"><div class=\"vc_column-inner\"><div class=\"w-tabs primoserv style_default switch_click accordion remove_indents\"><div class=\"w-tabs-sections titles-align_none icon_plus cpos_right\"><div class=\"w-tabs-section\" id=\"yf6c\"><button class=\"w-tabs-section-header with_icon\" aria-controls=\"content-yf6c\" aria-expanded=\"false\"><i class=\"fas fa-bullseye-arrow\"><\/i><h5 class=\"w-tabs-section-title\">Wsparcie dla organizacji i Start-up\u00f3w<\/h5><div class=\"w-tabs-section-control\"><\/div><\/button><div  class=\"w-tabs-section-content\" id=\"content-yf6c\"><div class=\"w-tabs-section-content-h i-cf\"><div class=\"wpb_text_column\"><div class=\"wpb_wrapper\"><p>Prowadzenie nowych firm od pomys\u0142u do realizacji poprzez dostarczanie dopasowanych strategii, kt\u00f3re pozwol\u0105 skutecznie ustrukturyzowa\u0107 organizacj\u0119 i pomy\u015blnie rozpocz\u0105\u0107 dzia\u0142alno\u015b\u0107 ju\u017c od pierwszego dnia.<\/p>\n<\/div><\/div><\/div><\/div><\/div><div class=\"w-tabs-section\" id=\"l07c\"><button class=\"w-tabs-section-header with_icon\" aria-controls=\"content-l07c\" aria-expanded=\"false\"><i class=\"fas fa-bullseye-arrow\"><\/i><h5 class=\"w-tabs-section-title\">Zarz\u0105dzanie biznesem<\/h5><div class=\"w-tabs-section-control\"><\/div><\/button><div  class=\"w-tabs-section-content\" id=\"content-l07c\"><div class=\"w-tabs-section-content-h i-cf\"><div class=\"wpb_text_column\"><div class=\"wpb_wrapper\"><p>Optymalizacja codziennych operacji dzi\u0119ki zaawansowanym rozwi\u0105zaniom zarz\u0105dczym, zapewniaj\u0105cym efektywno\u015b\u0107, produktywno\u015b\u0107 i zr\u00f3wnowa\u017cony rozw\u00f3j poprzez eksperckie przyw\u00f3dztwo i innowacyjne metody.<\/p>\n<\/div><\/div><\/div><\/div><\/div><div class=\"w-tabs-section\" id=\"w181\"><button class=\"w-tabs-section-header with_icon\" aria-controls=\"content-w181\" aria-expanded=\"false\"><i class=\"fas fa-bullseye-arrow\"><\/i><h5 class=\"w-tabs-section-title\">Cyberbezpiecze\u0144stwo i Cyfryzacja<\/h5><div class=\"w-tabs-section-control\"><\/div><\/button><div  class=\"w-tabs-section-content\" id=\"content-w181\"><div class=\"w-tabs-section-content-h i-cf\"><div class=\"wpb_text_column\"><div class=\"wpb_wrapper\"><p><span>Wspieramy transformacj\u0119 cyfrow\u0105 przedsi\u0119biorstw dzi\u0119ki bezpiecznym i innowacyjnym rozwi\u0105zaniom, zapewniaj\u0105c ochron\u0119 danych, ci\u0105g\u0142o\u015b\u0107 dzia\u0142ania oraz zgodno\u015b\u0107 z przepisami europejskimi. Oferujemy zintegrowane us\u0142ugi w zakresie cyberbezpiecze\u0144stwa zgodne z dyrektyw\u0105 <strong>NIS2<\/strong>, aby ograniczy\u0107 ryzyko i wzmocni\u0107 zaufanie klient\u00f3w oraz partner\u00f3w.<\/span><\/p>\n<\/div><\/div><\/div><\/div><\/div><div class=\"w-tabs-section\" id=\"h26b\"><button class=\"w-tabs-section-header with_icon\" aria-controls=\"content-h26b\" aria-expanded=\"false\"><i class=\"fas fa-bullseye-arrow\"><\/i><h5 class=\"w-tabs-section-title\">Marketing i poszukiwanie partner\u00f3w<\/h5><div class=\"w-tabs-section-control\"><\/div><\/button><div  class=\"w-tabs-section-content\" id=\"content-h26b\"><div class=\"w-tabs-section-content-h i-cf\"><div class=\"wpb_text_column\"><div class=\"wpb_wrapper\"><p>Opracowywanie innowacyjnych strategii marketingowych oraz identyfikacja strategicznych partner\u00f3w w celu rozszerzenia obecno\u015bci na rynku, zwi\u0119kszenia rozpoznawalno\u015bci marki i budowania warto\u015bciowych sojuszy.<\/p>\n<\/div><\/div><\/div><\/div><\/div><div class=\"w-tabs-section\" id=\"e365\"><button class=\"w-tabs-section-header with_icon\" aria-controls=\"content-e365\" aria-expanded=\"false\"><i class=\"fas fa-bullseye-arrow\"><\/i><h5 class=\"w-tabs-section-title\">Restrukturyzacja przedsi\u0119biorstw<\/h5><div class=\"w-tabs-section-control\"><\/div><\/button><div  class=\"w-tabs-section-content\" id=\"content-e365\"><div class=\"w-tabs-section-content-h i-cf\"><div class=\"wpb_text_column\"><div class=\"wpb_wrapper\"><p>Analiza obecnej sytuacji firmy i zarz\u0105dzanie procesem zmian w strukturze operacyjnej, finansowej i\/lub organizacyjnej, aby sprosta\u0107 wyzwaniom ekonomicznym, zwi\u0119kszy\u0107 konkurencyjno\u015b\u0107 i zapewni\u0107 ci\u0105g\u0142o\u015b\u0107 biznesow\u0105.<\/p>\n<\/div><\/div><\/div><\/div><\/div><div class=\"w-tabs-section\" id=\"z441\"><button class=\"w-tabs-section-header with_icon\" aria-controls=\"content-z441\" aria-expanded=\"false\"><i class=\"fas fa-bullseye-arrow\"><\/i><h5 class=\"w-tabs-section-title\">Fuzje i przej\u0119cia (M&amp;A)<\/h5><div class=\"w-tabs-section-control\"><\/div><\/button><div  class=\"w-tabs-section-content\" id=\"content-z441\"><div class=\"w-tabs-section-content-h i-cf\"><div class=\"wpb_text_column\"><div class=\"wpb_wrapper\"><p>Wsparcie w operacjach M&amp;A z precyzj\u0105 i wiedz\u0105 eksperck\u0105, u\u0142atwiaj\u0105c fuzje, przej\u0119cia i strategiczne partnerstwa w celu rozwoju dzia\u0142alno\u015bci i tworzenia trwa\u0142ej warto\u015bci.<\/p>\n<\/div><\/div><\/div><\/div><\/div><div class=\"w-tabs-section\" id=\"h516\"><button class=\"w-tabs-section-header with_icon\" aria-controls=\"content-h516\" aria-expanded=\"false\"><i class=\"fas fa-bullseye-arrow\"><\/i><h5 class=\"w-tabs-section-title\">Zarz\u0105dzanie tymczasowe<\/h5><div class=\"w-tabs-section-control\"><\/div><\/button><div  class=\"w-tabs-section-content\" id=\"content-h516\"><div class=\"w-tabs-section-content-h i-cf\"><div class=\"wpb_text_column\"><div class=\"wpb_wrapper\"><p>Zapewnienie wysoko wykwalifikowanych mened\u017cer\u00f3w tymczasowych do prowadzenia okre\u015blonych projekt\u00f3w lub wspierania firmy w okresach przej\u015bciowych, gwarantuj\u0105c ci\u0105g\u0142o\u015b\u0107 dzia\u0142ania i skuteczne przyw\u00f3dztwo.<\/p>\n<\/div><\/div><\/div><\/div><\/div><\/div><\/div><\/div><\/div><\/div><\/div><\/section><section class=\"l-section wpb_row height_large\"><div class=\"l-section-overlay\" style=\"background:#f3f3f3\"><\/div><div class=\"l-section-h i-cf\"><div class=\"g-cols vc_row via_grid cols_1-2 laptops-cols_inherit tablets-cols_1 mobiles-cols_1 valign_top type_default stacking_default\" style=\"--columns-gap:4vw;\"><div class=\"wpb_column vc_column_container\"><div class=\"vc_column-inner\"><h4 class=\"w-text us_custom_8ff7487e servbl has_text_color\"><span class=\"w-text-h\"><span class=\"w-text-value\"><span>Us\u0142ugi: <\/span>PRAWO, PODATKI I ZASOBY LUDZKIE<\/span><\/span><\/h4><\/div><\/div><div class=\"wpb_column vc_column_container\"><div class=\"vc_column-inner\"><div class=\"w-tabs secondoserv style_default switch_click accordion remove_indents\"><div class=\"w-tabs-sections titles-align_none icon_plus cpos_right\"><div class=\"w-tabs-section\" id=\"g1d9\"><button class=\"w-tabs-section-header with_icon\" aria-controls=\"content-g1d9\" aria-expanded=\"false\"><i class=\"fas fa-handshake\"><\/i><h5 class=\"w-tabs-section-title\">Doradztwo i pomoc prawno-podatkowa<\/h5><div class=\"w-tabs-section-control\"><\/div><\/button><div  class=\"w-tabs-section-content\" id=\"content-g1d9\"><div class=\"w-tabs-section-content-h i-cf\"><div class=\"wpb_text_column\"><div class=\"wpb_wrapper\"><p>Oferujemy kompleksowe wsparcie prawne i podatkowe, zapewniaj\u0105c zgodno\u015b\u0107 z przepisami oraz optymalizuj\u0105c struktur\u0119 podatkow\u0105 Twojej firmy w celu bezpiecznego i zr\u00f3wnowa\u017conego rozwoju.<\/p>\n<\/div><\/div><\/div><\/div><\/div><div class=\"w-tabs-section\" id=\"f2da\"><button class=\"w-tabs-section-header with_icon\" aria-controls=\"content-f2da\" aria-expanded=\"false\"><i class=\"fas fa-handshake\"><\/i><h5 class=\"w-tabs-section-title\">Ksi\u0119gowo\u015b\u0107 i kadry<\/h5><div class=\"w-tabs-section-control\"><\/div><\/button><div  class=\"w-tabs-section-content\" id=\"content-f2da\"><div class=\"w-tabs-section-content-h i-cf\"><div class=\"wpb_text_column\"><div class=\"wpb_wrapper\"><p>Efektywnie zarz\u0105dzamy ksi\u0119gowo\u015bci\u0105 tworzymy listy p\u0142ac, wykorzystuj\u0105c nowoczesne technologie, aby zagwarantowa\u0107 precyzj\u0119, przejrzysto\u015b\u0107 i terminowo\u015b\u0107 proces\u00f3w finansowych Twojego przedsi\u0119biorstwa.<\/p>\n<\/div><\/div><\/div><\/div><\/div><div class=\"w-tabs-section\" id=\"t3cb\"><button class=\"w-tabs-section-header with_icon\" aria-controls=\"content-t3cb\" aria-expanded=\"false\"><i class=\"fas fa-handshake\"><\/i><h5 class=\"w-tabs-section-title\">Rekrutacja i selekcja<\/h5><div class=\"w-tabs-section-control\"><\/div><\/button><div  class=\"w-tabs-section-content\" id=\"content-t3cb\"><div class=\"w-tabs-section-content-h i-cf\"><div class=\"wpb_text_column\"><div class=\"wpb_wrapper\"><p>Znajdujemy najlepsze talenty dla Twojej firmy poprzez ukierunkowane procesy rekrutacyjne, dbaj\u0105c o to, aby ka\u017cda nowa osoba wnosi\u0142a istotny wk\u0142ad w sukces organizacji.<\/p>\n<\/div><\/div><\/div><\/div><\/div><div class=\"w-tabs-section\" id=\"g4ac\"><button class=\"w-tabs-section-header with_icon\" aria-controls=\"content-g4ac\" aria-expanded=\"false\"><i class=\"fas fa-handshake\"><\/i><h5 class=\"w-tabs-section-title\">Analizy wykonalno\u015bci<\/h5><div class=\"w-tabs-section-control\"><\/div><\/button><div  class=\"w-tabs-section-content\" id=\"content-g4ac\"><div class=\"w-tabs-section-content-h i-cf\"><div class=\"wpb_text_column\"><div class=\"wpb_wrapper\"><p>Przeprowadzamy szczeg\u00f3\u0142owe analizy wykonalno\u015bci, oceniaj\u0105c rentowno\u015b\u0107 Twoich projekt\u00f3w, identyfikuj\u0105c szanse i potencjalne ryzyka, aby umo\u017cliwi\u0107 podejmowanie \u015bwiadomych i strategicznych decyzji.<\/p>\n<\/div><\/div><\/div><\/div><\/div><\/div><\/div><\/div><\/div><\/div><\/div><\/section><section class=\"l-section wpb_row height_large\"><div class=\"l-section-h i-cf\"><div class=\"g-cols vc_row via_grid cols_1-2 laptops-cols_inherit tablets-cols_1 mobiles-cols_1 valign_top type_default stacking_default\" style=\"--columns-gap:4vw;\"><div class=\"wpb_column vc_column_container\"><div class=\"vc_column-inner\"><h4 class=\"w-text us_custom_a50fc4c1 servbl has_text_color\"><span class=\"w-text-h\"><span class=\"w-text-value\"><span>Us\u0142ugi: <\/span>FUNDUSZE UE, SSE I FINANSE<\/span><\/span><\/h4><\/div><\/div><div class=\"wpb_column vc_column_container\"><div class=\"vc_column-inner\"><div class=\"w-tabs terzoserv style_default switch_click accordion remove_indents\"><div class=\"w-tabs-sections titles-align_none icon_plus cpos_right\"><div class=\"w-tabs-section\" id=\"oc5c\"><button class=\"w-tabs-section-header with_icon\" aria-controls=\"content-oc5c\" aria-expanded=\"false\"><i class=\"fas fa-cogs\"><\/i><h5 class=\"w-tabs-section-title\">Fundusze strukturalne i Specjalne Strefy Ekonomiczne<\/h5><div class=\"w-tabs-section-control\"><\/div><\/button><div  class=\"w-tabs-section-content\" id=\"content-oc5c\"><div class=\"w-tabs-section-content-h i-cf\"><div class=\"wpb_text_column\"><div class=\"wpb_wrapper\"><p>U\u0142atwiamy dost\u0119p do funduszy strukturalnych i Specjalnych Stref Ekonomicznych oraz zarz\u0105dzanie nimi, oferuj\u0105c doradztwo strategiczne w celu maksymalizacji korzy\u015bci i przyspieszenia inicjatyw rozwoju regionalnego.<\/p>\n<\/div><\/div><\/div><\/div><\/div><div class=\"w-tabs-section\" id=\"yd48\"><button class=\"w-tabs-section-header with_icon\" aria-controls=\"content-yd48\" aria-expanded=\"false\"><i class=\"fas fa-cogs\"><\/i><h5 class=\"w-tabs-section-title\">Bankowo\u015b\u0107 inwestycyjna<\/h5><div class=\"w-tabs-section-control\"><\/div><\/button><div  class=\"w-tabs-section-content\" id=\"content-yd48\"><div class=\"w-tabs-section-content-h i-cf\"><div class=\"wpb_text_column\"><div class=\"wpb_wrapper\"><p>\u015awiadczymy us\u0142ugi bankowo\u015bci inwestycyjnej dostosowane do Twoich potrzeb, wspieraj\u0105c operacje finansowe poprzez eksperckie doradztwo w zakresie pozyskiwania funduszy, zarz\u0105dzania kapita\u0142em i strategii inwestycyjnych.<\/p>\n<\/div><\/div><\/div><\/div><\/div><\/div><\/div><\/div><\/div><\/div><\/div><\/section><section class=\"l-section wpb_row height_large color_footer-bottom with_img parallax_ver parallaxdir_reversed\" id=\"nonesitare\"><div class=\"l-section-img\" role=\"img\" aria-label=\"Obrazek\" data-img-width=\"2000\" data-img-height=\"1187\" style=\"background-image: url(https:\/\/www.investmentsgroup.net\/wp-content\/uploads\/2024\/11\/contserv.jpg);background-repeat: no-repeat;\"><\/div><div class=\"l-section-overlay\" style=\"background:linear-gradient(90deg,rgba(0,0,0,0.8),rgba(255,255,255,0.00))\"><\/div><div class=\"l-section-h i-cf\"><div class=\"g-cols vc_row via_grid cols_2 laptops-cols_inherit tablets-cols_inherit mobiles-cols_1 valign_top type_default stacking_default\"><div class=\"wpb_column vc_column_container\"><div class=\"vc_column-inner\"><h2 class=\"w-text us_custom_e33b2db8 has_text_color us_animate_this\"><span class=\"w-text-h\"><span class=\"w-text-value\">Nie wahaj si\u0119 z<br \/>\nnami skontaktowa\u0107<\/span><\/span><\/h2><div class=\"w-hwrapper valign_middle wrap align_left\" style=\"--hwrapper-gap:1.1rem\"><div class=\"w-btn-wrapper align_none\"><a class=\"w-btn us-btn-style_2 icon_atleft\" href=\"tel:+48225863300\"><i class=\"far fa-phone\"><\/i><span class=\"w-btn-label\">Zadzwo\u0144 +48 22 58 63 300<\/span><\/a><\/div><div class=\"w-btn-wrapper align_none\"><a class=\"w-btn us-btn-style_2 icon_atleft\" href=\"https:\/\/api.whatsapp.com\/send?phone=+48608000510&amp;text=Sono interessato ad avere informazioni\"><i class=\"fab fa-whatsapp\"><\/i><span class=\"w-btn-label\">WhatsApp<\/span><\/a><\/div><\/div><div class=\"w-message us_custom_cf46eb57 my-mezzora color_red with_icon\" id=\"mezzorastick\"><div class=\"w-message-icon\"><i class=\"fas fa-assistive-listening-systems\"><\/i><\/div><div class=\"w-message-body\"><p>Czy jeste\u015b zainteresowany inwestowaniem w Polsce lub Europie Wschodniej? Bez zobowi\u0105za\u0144 \u2013 p\u00f3\u0142godzinne spotkanie online, aby si\u0119 zapozna\u0107.<\/p>\n<\/div><\/div>\n<\/div><\/div><\/div><\/div><\/section>\n","protected":false},"excerpt":{"rendered":"Koniec 2025 roku przyni\u00f3s\u0142 wiele zmian w programach operacyjnych, na podstawie kt\u00f3rych beneficjenci mog\u0105 korzysta\u0107 z Funduszy Unijnych. Cykl zmian rozpocz\u0119\u0142o wej\u015bcie w \u017cycie Rozporz\u0105dzenia Parlamentu Europejskiego i Rady (UE) nr 2025\/1914 z dnia 18 wrze\u015bnia 2025 r. w sprawie zmiany rozporz\u0105dze\u0144 (UE) 2021\/1058 i (UE) 2021\/1056 w odniesieniu do \u015brodk\u00f3w szczeg\u00f3lnych maj\u0105cych na celu...","protected":false},"author":1,"featured_media":0,"parent":0,"menu_order":0,"comment_status":"closed","ping_status":"closed","template":"","meta":{"footnotes":""},"class_list":["post-2634","page","type-page","status-publish","hentry"],"_links":{"self":[{"href":"https:\/\/www.investmentsgroup.net\/pl\/wp-json\/wp\/v2\/pages\/2634","targetHints":{"allow":["GET"]}}],"collection":[{"href":"https:\/\/www.investmentsgroup.net\/pl\/wp-json\/wp\/v2\/pages"}],"about":[{"href":"https:\/\/www.investmentsgroup.net\/pl\/wp-json\/wp\/v2\/types\/page"}],"author":[{"embeddable":true,"href":"https:\/\/www.investmentsgroup.net\/pl\/wp-json\/wp\/v2\/users\/1"}],"replies":[{"embeddable":true,"href":"https:\/\/www.investmentsgroup.net\/pl\/wp-json\/wp\/v2\/comments?post=2634"}],"version-history":[{"count":8,"href":"https:\/\/www.investmentsgroup.net\/pl\/wp-json\/wp\/v2\/pages\/2634\/revisions"}],"predecessor-version":[{"id":3171,"href":"https:\/\/www.investmentsgroup.net\/pl\/wp-json\/wp\/v2\/pages\/2634\/revisions\/3171"}],"wp:attachment":[{"href":"https:\/\/www.investmentsgroup.net\/pl\/wp-json\/wp\/v2\/media?parent=2634"}],"curies":[{"name":"wp","href":"https:\/\/api.w.org\/{rel}","templated":true}]}}