{"id":2650,"date":"2021-11-18T21:06:52","date_gmt":"2021-11-18T20:06:52","guid":{"rendered":"https:\/\/www.investmentsgroup.net\/news\/"},"modified":"2025-01-17T15:14:35","modified_gmt":"2025-01-17T14:14:35","slug":"aktualnosci","status":"publish","type":"page","link":"https:\/\/www.investmentsgroup.net\/pl\/aktualnosci\/","title":{"rendered":"Aktualno\u015bci"},"content":{"rendered":"<section class=\"l-section wpb_row us_custom_54d11ffd height_large\"><div class=\"l-section-h i-cf\"><div class=\"g-cols vc_row via_grid cols_1 laptops-cols_inherit tablets-cols_inherit mobiles-cols_1 valign_top type_default stacking_default\"><div class=\"wpb_column vc_column_container\"><div class=\"vc_column-inner\"><\/div><\/div><\/div><\/div><\/section><section class=\"l-section wpb_row height_medium\"><div class=\"l-section-h i-cf\"><div class=\"g-cols vc_row via_grid cols_1 laptops-cols_inherit tablets-cols_inherit mobiles-cols_1 valign_top type_default stacking_default\"><div class=\"wpb_column vc_column_container\"><div class=\"vc_column-inner\"><h1 class=\"w-post-elm post_title align_left entry-title color_link_inherit\">Aktualno\u015bci<\/h1><div class=\"w-grid us_post_list type_grid layout_1803 cols_4 pagination_load_on_scroll preload_style_spinner\" id=\"us_post_list_s488\" style=\"--columns:4;--gap:1rem;\"><style>@media (max-width:1024px){#us_post_list_s488{--columns:2!important}}@media (max-width:600px){#us_post_list_s488{--columns:1!important}}.layout_1803 .w-grid-item-h{}.layout_1803 .usg_post_title_1{}.layout_1803 .w-grid-item-h:focus-within .usg_post_title_1,.layout_1803 .w-grid-item-h:hover .usg_post_title_1{color:var(--color-content-heading)!important}.layout_1803 .usg_vwrapper_1{}.layout_1803 .w-grid-item-h:focus-within .usg_vwrapper_1,.layout_1803 .w-grid-item-h:hover .usg_vwrapper_1{background:var(--color-header-middle-bg)!important}.layout_1803 .usg_post_title_1{color:var(--color-header-middle-text-hover)!important;font-size:calc( 10px + 0.7vmax );!important;line-height:1.2!important;margin-bottom:0.5rem!important}.layout_1803 .usg_post_content_1{font-size:14px!important;margin-top:0.5rem!important}.layout_1803 .usg_btn_1{margin-top:1.5rem!important;position:absolute!important;bottom:15px!important;right:15px!important}.layout_1803 .usg_vwrapper_1{min-height:470px!important;border-radius:10px!important;padding:40px!important;background:var(--color-header-middle-bg)!important;margin:10px 0px 0px 0px!important;border:1px solid var(--color-content-border)!important}.layout_1803 .usg_post_date_1{font-size:12px!important}@media (min-width:1025px) and (max-width:1380px){.layout_1803 .usg_vwrapper_1{padding:40px!important;margin:10px 0px 0px 0px!important}}@media (min-width:601px) and (max-width:1024px){.layout_1803 .usg_vwrapper_1{padding:40px!important;margin:10px 0px 0px 0px!important}}@media (max-width:600px){.layout_1803 .usg_vwrapper_1{padding:40px!important;margin:10px 25px 0px 25px!important}}<\/style><div class=\"w-grid-list\">\t<article class=\"w-grid-item size_1x1 post-3436 post type-post status-publish format-standard hentry category-bez-kategorii\" data-id=\"3436\">\r\n\t\t<div class=\"w-grid-item-h\">\r\n\t\t\t\t\t\t<div class=\"w-vwrapper usg_vwrapper_1\" style=\"--vwrapper-gap:0.4rem\"><time class=\"w-post-elm post_date usg_post_date_1 entry-date published\" datetime=\"2026-04-02T14:23:36+02:00\">02\/04\/2026<\/time><h3 class=\"w-post-elm post_title usg_post_title_1 has_text_color entry-title color_link_inherit\"><a href=\"https:\/\/www.investmentsgroup.net\/pl\/ksef-2026-praktyczne-skutki-dla-duzych-i-srednich-spolek-procesy-technologia-organizacja\/\">KSeF 2026 \u2013 praktyczne skutki dla du\u017cych i \u015brednich sp\u00f3\u0142ek: procesy, technologia, organizacja<\/a><\/h3><div class=\"w-post-elm post_content usg_post_content_1\">KSeF to nie tylko nowy spos\u00f3b wysy\u0142ania faktur, ale zmiana, kt\u00f3ra uderza jednocze\u015bnie w finanse, IT i obszar prawno-compliance. PwC&hellip;<\/div><a class=\"w-btn us-btn-style_7 usg_btn_1\" href=\"https:\/\/www.investmentsgroup.net\/pl\/ksef-2026-praktyczne-skutki-dla-duzych-i-srednich-spolek-procesy-technologia-organizacja\/\"><span class=\"w-btn-label\">Leggi<\/span><\/a><\/div>\t\t<\/div>\r\n\t\t\t<\/article>\r\n\t<article class=\"w-grid-item size_1x1 post-3433 post type-post status-publish format-standard hentry category-bez-kategorii\" data-id=\"3433\">\r\n\t\t<div class=\"w-grid-item-h\">\r\n\t\t\t\t\t\t<div class=\"w-vwrapper usg_vwrapper_1\" style=\"--vwrapper-gap:0.4rem\"><time class=\"w-post-elm post_date usg_post_date_1 entry-date published\" datetime=\"2026-03-24T11:55:18+01:00\">24\/03\/2026<\/time><h3 class=\"w-post-elm post_title usg_post_title_1 has_text_color entry-title color_link_inherit\"><a href=\"https:\/\/www.investmentsgroup.net\/pl\/sejm-uchwalil-nowelizacje-ustawy-o-ksc-nis2-obowiazki-dla-firm-i-odpowiedzialnosc-zarzadu\/\">Sejm uchwali\u0142 nowelizacj\u0119 ustawy o KSC (NIS2) \u2013 obowi\u0105zki dla firm i odpowiedzialno\u015b\u0107 zarz\u0105du<\/a><\/h3><div class=\"w-post-elm post_content usg_post_content_1\">Sejm uchwali\u0142 nowelizacj\u0119 ustawy o Krajowym Systemie Cyberbezpiecze\u0144stwa wdra\u017caj\u0105c\u0105 dyrektyw\u0119 NIS2. Zmiany rozszerzaj\u0105 zakres sektor\u00f3w i wprowadzaj\u0105 konkretne obowi\u0105zki bezpiecze\u0144stwa&hellip;<\/div><a class=\"w-btn us-btn-style_7 usg_btn_1\" href=\"https:\/\/www.investmentsgroup.net\/pl\/sejm-uchwalil-nowelizacje-ustawy-o-ksc-nis2-obowiazki-dla-firm-i-odpowiedzialnosc-zarzadu\/\"><span class=\"w-btn-label\">Leggi<\/span><\/a><\/div>\t\t<\/div>\r\n\t\t\t<\/article>\r\n\t<article class=\"w-grid-item size_1x1 post-3419 post type-post status-publish format-standard hentry category-bez-kategorii\" data-id=\"3419\">\r\n\t\t<div class=\"w-grid-item-h\">\r\n\t\t\t\t\t\t<div class=\"w-vwrapper usg_vwrapper_1\" style=\"--vwrapper-gap:0.4rem\"><time class=\"w-post-elm post_date usg_post_date_1 entry-date published\" datetime=\"2026-03-13T14:01:40+01:00\">13\/03\/2026<\/time><h3 class=\"w-post-elm post_title usg_post_title_1 has_text_color entry-title color_link_inherit\"><a href=\"https:\/\/www.investmentsgroup.net\/pl\/masz-spolke-w-krs-e-doreczenia-staja-sie-obowiazkowe-co-trzeba-miec-poukladane\/\">Masz sp\u00f3\u0142k\u0119 w KRS? e-Dor\u0119czenia staj\u0105 si\u0119 obowi\u0105zkowe \u2013 co trzeba mie\u0107 pouk\u0142adane<\/a><\/h3><div class=\"w-post-elm post_content usg_post_content_1\">Od 1 kwietnia 2025 r. przedsi\u0119biorstwa wpisane do rejestru przedsi\u0119biorc\u00f3w KRS s\u0105 zobowi\u0105zane do posiadania adresu do e-Dor\u0119cze\u0144. To formalny&hellip;<\/div><a class=\"w-btn us-btn-style_7 usg_btn_1\" href=\"https:\/\/www.investmentsgroup.net\/pl\/masz-spolke-w-krs-e-doreczenia-staja-sie-obowiazkowe-co-trzeba-miec-poukladane\/\"><span class=\"w-btn-label\">Leggi<\/span><\/a><\/div>\t\t<\/div>\r\n\t\t\t<\/article>\r\n\t<article class=\"w-grid-item size_1x1 post-3328 post type-post status-publish format-standard hentry category-bez-kategorii\" data-id=\"3328\">\r\n\t\t<div class=\"w-grid-item-h\">\r\n\t\t\t\t\t\t<div class=\"w-vwrapper usg_vwrapper_1\" style=\"--vwrapper-gap:0.4rem\"><time class=\"w-post-elm post_date usg_post_date_1 entry-date published\" datetime=\"2026-02-13T15:01:24+01:00\">13\/02\/2026<\/time><h3 class=\"w-post-elm post_title usg_post_title_1 has_text_color entry-title color_link_inherit\"><a href=\"https:\/\/www.investmentsgroup.net\/pl\/strategic-management-partners-nabywa-60-udzialow-w-core-sp-z-o-o\/\">Strategic Management Partners nabywa 60% udzia\u0142\u00f3w w Core        Sp. z o.o.<\/a><\/h3><div class=\"w-post-elm post_content usg_post_content_1\">Strategic Management Partners (www.strategicmp.it), w\u0142oska grupa doradztwa zarz\u0105dczego z siedzib\u0105 w Mediolanie i 8 biurami operacyjnymi we W\u0142oszech i za&hellip;<\/div><a class=\"w-btn us-btn-style_7 usg_btn_1\" href=\"https:\/\/www.investmentsgroup.net\/pl\/strategic-management-partners-nabywa-60-udzialow-w-core-sp-z-o-o\/\"><span class=\"w-btn-label\">Leggi<\/span><\/a><\/div>\t\t<\/div>\r\n\t\t\t<\/article>\r\n\t<article class=\"w-grid-item size_1x1 post-3306 post type-post status-publish format-standard hentry category-bez-kategorii\" data-id=\"3306\">\r\n\t\t<div class=\"w-grid-item-h\">\r\n\t\t\t\t\t\t<div class=\"w-vwrapper usg_vwrapper_1\" style=\"--vwrapper-gap:0.4rem\"><time class=\"w-post-elm post_date usg_post_date_1 entry-date published\" datetime=\"2026-01-20T16:21:23+01:00\">20\/01\/2026<\/time><h3 class=\"w-post-elm post_title usg_post_title_1 has_text_color entry-title color_link_inherit\"><a href=\"https:\/\/www.investmentsgroup.net\/pl\/dotacja-50-mln-pln-dla-firm-prowadzonych-przez-kobiety-wzornictwo-w-msp\/\">Dotacja 50 mln PLN dla firm prowadzonych przez kobiety \u2013 Wzornictwo w M\u015aP<\/a><\/h3><div class=\"w-post-elm post_content usg_post_content_1\">Czy Twoja firma potrzebuje nowego impulsu rozwojowego? Program \u201eWzornictwo w M\u015aP\u201d w ramach Funduszy Europejskich dla Polski Wschodniej (FEPW.01.04) to&hellip;<\/div><a class=\"w-btn us-btn-style_7 usg_btn_1\" href=\"https:\/\/www.investmentsgroup.net\/pl\/dotacja-50-mln-pln-dla-firm-prowadzonych-przez-kobiety-wzornictwo-w-msp\/\"><span class=\"w-btn-label\">Leggi<\/span><\/a><\/div>\t\t<\/div>\r\n\t\t\t<\/article>\r\n\t<article class=\"w-grid-item size_1x1 post-3289 post type-post status-publish format-standard hentry category-bez-kategorii\" data-id=\"3289\">\r\n\t\t<div class=\"w-grid-item-h\">\r\n\t\t\t\t\t\t<div class=\"w-vwrapper usg_vwrapper_1\" style=\"--vwrapper-gap:0.4rem\"><time class=\"w-post-elm post_date usg_post_date_1 entry-date published\" datetime=\"2026-01-13T14:34:01+01:00\">13\/01\/2026<\/time><h3 class=\"w-post-elm post_title usg_post_title_1 has_text_color entry-title color_link_inherit\"><a href=\"https:\/\/www.investmentsgroup.net\/pl\/zmiany-w-realizacji-programow-funduszy-ue-w-polsce-w-2026-roku\/\">Zmiany w realizacji program\u00f3w funduszy UE w Polsce w 2026 roku<\/a><\/h3><div class=\"w-post-elm post_content usg_post_content_1\">Koniec 2025 roku przyni\u00f3s\u0142 wiele zmian w programach operacyjnych, na podstawie kt\u00f3rych beneficjenci mog\u0105 korzysta\u0107 z Funduszy Unijnych. Cykl zmian&hellip;<\/div><a class=\"w-btn us-btn-style_7 usg_btn_1\" href=\"https:\/\/www.investmentsgroup.net\/pl\/zmiany-w-realizacji-programow-funduszy-ue-w-polsce-w-2026-roku\/\"><span class=\"w-btn-label\">Leggi<\/span><\/a><\/div>\t\t<\/div>\r\n\t\t\t<\/article>\r\n\t<article class=\"w-grid-item size_1x1 post-3250 post type-post status-publish format-standard hentry category-bez-kategorii\" data-id=\"3250\">\r\n\t\t<div class=\"w-grid-item-h\">\r\n\t\t\t\t\t\t<div class=\"w-vwrapper usg_vwrapper_1\" style=\"--vwrapper-gap:0.4rem\"><time class=\"w-post-elm post_date usg_post_date_1 entry-date published\" datetime=\"2026-01-09T16:30:04+01:00\">09\/01\/2026<\/time><h3 class=\"w-post-elm post_title usg_post_title_1 has_text_color entry-title color_link_inherit\"><a href=\"https:\/\/www.investmentsgroup.net\/pl\/horyzont-europa-2026-kluczowe-konkursy-dla-przedsiebiorstw\/\">Horyzont Europa 2026 \u2013 Kluczowe konkursy dla przedsi\u0119biorstw<\/a><\/h3><div class=\"w-post-elm post_content usg_post_content_1\">Horyzont Europa to g\u0142\u00f3wny program Unii Europejskiej finansuj\u0105cy badania, rozw\u00f3j i innowacje. W 2026 roku zaoferuje realne mo\u017cliwo\u015bci dla M\u015aP&hellip;<\/div><a class=\"w-btn us-btn-style_7 usg_btn_1\" href=\"https:\/\/www.investmentsgroup.net\/pl\/horyzont-europa-2026-kluczowe-konkursy-dla-przedsiebiorstw\/\"><span class=\"w-btn-label\">Leggi<\/span><\/a><\/div>\t\t<\/div>\r\n\t\t\t<\/article>\r\n\t<article class=\"w-grid-item size_1x1 post-3237 post type-post status-publish format-standard hentry category-bez-kategorii\" data-id=\"3237\">\r\n\t\t<div class=\"w-grid-item-h\">\r\n\t\t\t\t\t\t<div class=\"w-vwrapper usg_vwrapper_1\" style=\"--vwrapper-gap:0.4rem\"><time class=\"w-post-elm post_date usg_post_date_1 entry-date published\" datetime=\"2025-12-23T12:37:13+01:00\">23\/12\/2025<\/time><h3 class=\"w-post-elm post_title usg_post_title_1 has_text_color entry-title color_link_inherit\"><a href=\"https:\/\/www.investmentsgroup.net\/pl\/budzet-ue-na-2026-r-porozumienie-w-sprawie-1928-mld-euro-na-kluczowe-priorytety-unii\/\">Bud\u017cet UE na 2026 r.: porozumienie w sprawie 192,8 mld euro na kluczowe priorytety Unii<\/a><\/h3><div class=\"w-post-elm post_content usg_post_content_1\">W po\u0142owie listopada 2025 r. Komisja Europejska z zadowoleniem przyj\u0119\u0142a porozumienie osi\u0105gni\u0119te mi\u0119dzy Parlamentem Europejskim a Rad\u0105 w sprawie rocznego&hellip;<\/div><a class=\"w-btn us-btn-style_7 usg_btn_1\" href=\"https:\/\/www.investmentsgroup.net\/pl\/budzet-ue-na-2026-r-porozumienie-w-sprawie-1928-mld-euro-na-kluczowe-priorytety-unii\/\"><span class=\"w-btn-label\">Leggi<\/span><\/a><\/div>\t\t<\/div>\r\n\t\t\t<\/article>\r\n\t<article class=\"w-grid-item size_1x1 post-3230 post type-post status-publish format-standard hentry category-bez-kategorii\" data-id=\"3230\">\r\n\t\t<div class=\"w-grid-item-h\">\r\n\t\t\t\t\t\t<div class=\"w-vwrapper usg_vwrapper_1\" style=\"--vwrapper-gap:0.4rem\"><time class=\"w-post-elm post_date usg_post_date_1 entry-date published\" datetime=\"2025-12-10T11:18:56+01:00\">10\/12\/2025<\/time><h3 class=\"w-post-elm post_title usg_post_title_1 has_text_color entry-title color_link_inherit\"><a href=\"https:\/\/www.investmentsgroup.net\/pl\/3230\/\">Polska: nowa transza 6,2 mld euro z Europejskiego Funduszu Odbudowy, ze szczeg\u00f3lnym naciskiem na cyfryzacj\u0119 i cyberbezpiecze\u0144stwo<\/a><\/h3><div class=\"w-post-elm post_content usg_post_content_1\">1 grudnia 2025 r. Komisja Europejska przekaza\u0142a Polsce 6,2 mld euro w ramach Instrumentu na rzecz Odbudowy i Zwi\u0119kszania Odporno\u015bci&hellip;<\/div><a class=\"w-btn us-btn-style_7 usg_btn_1\" href=\"https:\/\/www.investmentsgroup.net\/pl\/3230\/\"><span class=\"w-btn-label\">Leggi<\/span><\/a><\/div>\t\t<\/div>\r\n\t\t\t<\/article>\r\n\t<article class=\"w-grid-item size_1x1 post-3206 post type-post status-publish format-standard hentry category-bez-kategorii\" data-id=\"3206\">\r\n\t\t<div class=\"w-grid-item-h\">\r\n\t\t\t\t\t\t<div class=\"w-vwrapper usg_vwrapper_1\" style=\"--vwrapper-gap:0.4rem\"><time class=\"w-post-elm post_date usg_post_date_1 entry-date published\" datetime=\"2025-11-24T09:47:01+01:00\">24\/11\/2025<\/time><h3 class=\"w-post-elm post_title usg_post_title_1 has_text_color entry-title color_link_inherit\"><a href=\"https:\/\/www.investmentsgroup.net\/pl\/polska-nowe-narzedzia-bezpieczenstwa-obronnosci-i-innowacji-technologicznych\/\">Polska: nowe narz\u0119dzia bezpiecze\u0144stwa, obronno\u015bci i innowacji technologicznych<\/a><\/h3><div class=\"w-post-elm post_content usg_post_content_1\">W ostatnich miesi\u0105cach Polska znacz\u0105co przyspieszy\u0142a swoje plany inwestycyjne w sektorach bezpiecze\u0144stwa, obronno\u015bci i technologii, wprowadzaj\u0105c dwa wa\u017cne instrumenty finansowe:&hellip;<\/div><a class=\"w-btn us-btn-style_7 usg_btn_1\" href=\"https:\/\/www.investmentsgroup.net\/pl\/polska-nowe-narzedzia-bezpieczenstwa-obronnosci-i-innowacji-technologicznych\/\"><span class=\"w-btn-label\">Leggi<\/span><\/a><\/div>\t\t<\/div>\r\n\t\t\t<\/article>\r\n<\/div><div class=\"g-loadmore\"><div class=\"g-preloader type_1\"><div><\/div><\/div><\/div><div class=\"w-grid-list-json hidden\" onclick='return {&quot;max_num_pages&quot;:8,&quot;paginationBase&quot;:&quot;page&quot;,&quot;pagination&quot;:&quot;load_on_scroll&quot;,&quot;paged&quot;:1,&quot;ajaxData&quot;:{&quot;action&quot;:&quot;us_ajax_post_list&quot;,&quot;meta_type&quot;:&quot;post&quot;,&quot;object_id&quot;:0,&quot;template_vars&quot;:{&quot;shortcode_base&quot;:&quot;us_post_list&quot;,&quot;paged&quot;:1,&quot;max_num_pages&quot;:8,&quot;no_results&quot;:false,&quot;us_post_content_design_css&quot;:[],&quot;found_posts&quot;:76,&quot;per_page&quot;:10,&quot;items_count&quot;:10,&quot;orderby_random_seed&quot;:null,&quot;source&quot;:&quot;all&quot;,&quot;ids&quot;:&quot;&quot;,&quot;post_type&quot;:&quot;post&quot;,&quot;attachment_ids&quot;:null,&quot;include_post_thumbnail&quot;:0,&quot;post_author&quot;:&quot;any&quot;,&quot;post_author_ids&quot;:&quot;&quot;,&quot;apply_url_params&quot;:0,&quot;ignore_sticky_posts&quot;:1,&quot;exclude_children&quot;:0,&quot;exclude_current_post&quot;:1,&quot;exclude_prev_posts&quot;:0,&quot;exclude_past_events&quot;:0,&quot;enable_items_offset&quot;:0,&quot;items_offset&quot;:&quot;1&quot;,&quot;tax_query_relation&quot;:&quot;none&quot;,&quot;tax_query&quot;:[{&quot;operator&quot;:&quot;IN&quot;,&quot;taxonomy&quot;:&quot;category&quot;,&quot;terms&quot;:&quot;&quot;,&quot;include_children&quot;:0}],&quot;meta_query_relation&quot;:&quot;none&quot;,&quot;meta_query&quot;:[{&quot;key&quot;:&quot;custom_field_name&quot;,&quot;compare&quot;:&quot;=&quot;,&quot;value&quot;:&quot;&quot;}],&quot;orderby&quot;:&quot;date&quot;,&quot;orderby_custom_field&quot;:&quot;&quot;,&quot;orderby_custom_type&quot;:0,&quot;order_invert&quot;:&quot;1&quot;,&quot;show_all&quot;:0,&quot;quantity&quot;:&quot;10&quot;,&quot;posts_per_archive_page&quot;:0,&quot;no_items_action&quot;:&quot;message&quot;,&quot;no_items_message&quot;:&quot;Brak wynik\\u00f3w.&quot;,&quot;no_items_page_block&quot;:&quot;&quot;,&quot;pagination&quot;:&quot;load_on_scroll&quot;,&quot;pagination_style&quot;:&quot;&quot;,&quot;pagination_btn_text&quot;:&quot;Poka\\u017c wi\\u0119cej&quot;,&quot;pagination_btn_size&quot;:&quot;&quot;,&quot;pagination_btn_style&quot;:&quot;1&quot;,&quot;pagination_btn_fullwidth&quot;:0,&quot;items_layout&quot;:&quot;1803&quot;,&quot;type&quot;:&quot;grid&quot;,&quot;items_valign&quot;:0,&quot;ignore_items_size&quot;:0,&quot;columns&quot;:&quot;4&quot;,&quot;items_gap&quot;:&quot;1rem&quot;,&quot;load_animation&quot;:&quot;none&quot;,&quot;items_preload_style&quot;:&quot;spinner&quot;,&quot;img_size&quot;:&quot;default&quot;,&quot;title_size&quot;:&quot;&quot;,&quot;items_ratio&quot;:&quot;default&quot;,&quot;items_ratio_width&quot;:&quot;21&quot;,&quot;items_ratio_height&quot;:&quot;9&quot;,&quot;overriding_link&quot;:&quot;%7B%22url%22%3A%22%22%7D&quot;,&quot;popup_page_template&quot;:&quot;0&quot;,&quot;popup_width&quot;:&quot;&quot;,&quot;popup_arrows&quot;:1,&quot;breakpoint_1_width&quot;:&quot;1381px&quot;,&quot;breakpoint_1_cols&quot;:&quot;default&quot;,&quot;breakpoint_1_quantity&quot;:&quot;&quot;,&quot;breakpoint_1_gap&quot;:&quot;&quot;,&quot;breakpoint_2_width&quot;:&quot;1025px&quot;,&quot;breakpoint_2_cols&quot;:&quot;2&quot;,&quot;breakpoint_2_quantity&quot;:&quot;&quot;,&quot;breakpoint_2_gap&quot;:&quot;&quot;,&quot;breakpoint_3_width&quot;:&quot;601px&quot;,&quot;breakpoint_3_cols&quot;:&quot;1&quot;,&quot;breakpoint_3_quantity&quot;:&quot;&quot;,&quot;breakpoint_3_gap&quot;:&quot;&quot;,&quot;conditions_operator&quot;:&quot;always&quot;,&quot;conditions&quot;:[],&quot;css&quot;:null,&quot;el_class&quot;:&quot;&quot;,&quot;el_id&quot;:&quot;&quot;,&quot;enable_custom_html_atts&quot;:0,&quot;custom_html_atts&quot;:null,&quot;hide_on_states&quot;:&quot;&quot;,&quot;hide_for_sticky&quot;:0,&quot;hide_for_not_sticky&quot;:0,&quot;hide_below&quot;:&quot;0px&quot;,&quot;hide_above&quot;:&quot;0px&quot;,&quot;classes&quot;:&quot;&quot;},&quot;found_posts&quot;:76,&quot;per_page&quot;:10},&quot;facetedFilter&quot;:[]}'><\/div><\/div><div class=\"w-separator size_large\"><\/div><\/div><\/div><\/div><\/div><\/section><section class=\"l-section wpb_row height_large color_footer-bottom type_sticky with_img parallax_ver parallaxdir_reversed\" id=\"nonesitare\"><div class=\"l-section-img\" role=\"img\" aria-label=\"Obrazek\" data-img-width=\"1800\" data-img-height=\"1199\" style=\"background-image: url(https:\/\/www.investmentsgroup.net\/wp-content\/uploads\/2024\/11\/chisiamoconta.jpg);background-repeat: no-repeat;\"><\/div><div class=\"l-section-overlay\" style=\"background:linear-gradient(90deg,rgba(0,0,0,0.75),rgba(255,255,255,0))\"><\/div><div class=\"l-section-h i-cf\"><div class=\"g-cols vc_row via_grid cols_2 laptops-cols_inherit tablets-cols_inherit mobiles-cols_1 valign_top type_default stacking_default\"><div class=\"wpb_column vc_column_container\"><div class=\"vc_column-inner\"><h2 class=\"w-text us_custom_e33b2db8 has_text_color us_animate_this\"><span class=\"w-text-h\"><span class=\"w-text-value\">Nie wahaj si\u0119 z<br \/>\nnami skontaktowa\u0107<\/span><\/span><\/h2><div class=\"w-hwrapper valign_middle wrap align_left\" style=\"--hwrapper-gap:1.1rem\"><div class=\"w-btn-wrapper align_none\"><a class=\"w-btn us-btn-style_2 icon_atleft\" href=\"tel:+48225863300\"><i class=\"far fa-phone\"><\/i><span class=\"w-btn-label\">Zadzwo\u0144 +48 22 58 63 300<\/span><\/a><\/div><div class=\"w-btn-wrapper align_none\"><a class=\"w-btn us-btn-style_2 icon_atleft\" href=\"https:\/\/api.whatsapp.com\/send?phone=+48608000510&amp;text=Sono interessato ad avere informazioni\"><i class=\"fab fa-whatsapp\"><\/i><span class=\"w-btn-label\">WhatsApp<\/span><\/a><\/div><\/div><div class=\"w-message us_custom_cf46eb57 my-mezzora color_red with_icon\" id=\"mezzorastick\"><div class=\"w-message-icon\"><i class=\"fas fa-assistive-listening-systems\"><\/i><\/div><div class=\"w-message-body\"><p>Czy jeste\u015b zainteresowany inwestowaniem w Polsce lub Europie Wschodniej? Bez zobowi\u0105za\u0144 \u2013 p\u00f3\u0142godzinne spotkanie online, aby si\u0119 zapozna\u0107.<\/p>\n<\/div><\/div>\n<\/div><\/div><\/div><\/div><\/section>\n","protected":false},"excerpt":{"rendered":"W ostatnich miesi\u0105cach Polska znacz\u0105co przyspieszy\u0142a swoje plany inwestycyjne w sektorach bezpiecze\u0144stwa, obronno\u015bci i technologii, wprowadzaj\u0105c dwa wa\u017cne instrumenty finansowe: Narodowy Fundusz Bezpiecze\u0144stwa i Obrony, b\u0119d\u0105cy cz\u0119\u015bci\u0105 Planu Odbudowy i Odporno\u015bci (KPO) oraz europejsk\u0105 inicjatyw\u0119 SAFE \u2013 Security Action for Europe. Narodowy Fundusz Bezpiecze\u0144stwa i Obrony Narodowej Polski rz\u0105d zatwierdzi\u0142 utworzenie funduszu dedykowanego wspieraniu strategicznych...","protected":false},"author":1,"featured_media":0,"parent":0,"menu_order":0,"comment_status":"closed","ping_status":"closed","template":"","meta":{"footnotes":""},"class_list":["post-2650","page","type-page","status-publish","hentry"],"_links":{"self":[{"href":"https:\/\/www.investmentsgroup.net\/pl\/wp-json\/wp\/v2\/pages\/2650","targetHints":{"allow":["GET"]}}],"collection":[{"href":"https:\/\/www.investmentsgroup.net\/pl\/wp-json\/wp\/v2\/pages"}],"about":[{"href":"https:\/\/www.investmentsgroup.net\/pl\/wp-json\/wp\/v2\/types\/page"}],"author":[{"embeddable":true,"href":"https:\/\/www.investmentsgroup.net\/pl\/wp-json\/wp\/v2\/users\/1"}],"replies":[{"embeddable":true,"href":"https:\/\/www.investmentsgroup.net\/pl\/wp-json\/wp\/v2\/comments?post=2650"}],"version-history":[{"count":1,"href":"https:\/\/www.investmentsgroup.net\/pl\/wp-json\/wp\/v2\/pages\/2650\/revisions"}],"predecessor-version":[{"id":2651,"href":"https:\/\/www.investmentsgroup.net\/pl\/wp-json\/wp\/v2\/pages\/2650\/revisions\/2651"}],"wp:attachment":[{"href":"https:\/\/www.investmentsgroup.net\/pl\/wp-json\/wp\/v2\/media?parent=2650"}],"curies":[{"name":"wp","href":"https:\/\/api.w.org\/{rel}","templated":true}]}}